{"id":14,"date":"2012-11-22T12:21:27","date_gmt":"2012-11-22T10:21:27","guid":{"rendered":"http:\/\/www.virtuellesstudio.de\/?page_id=14"},"modified":"2020-11-30T10:38:08","modified_gmt":"2020-11-30T09:38:08","slug":"karriere","status":"publish","type":"page","link":"http:\/\/www.virtuellesstudio.de\/?page_id=14","title":{"rendered":"Karriere"},"content":{"rendered":"<p><\/p>\n<h2>Wir sind immer an motivierten Mitarbeitern interessiert.<\/h2>\n<p>Kontinuierlich sind wir auf der Suche nach neuen talentierten Mitarbeitern, welche unsere Teams in Ingolstadt, M\u00fcnchen und Wolfsburg unterst\u00fctzen.<\/p>\n<h3><strong>Unsere T\u00fcren stehen Ihnen offen. <\/strong>Gerne k\u00f6nnen Sie sich initiativ bewerben.<\/h3>\n<p>Senden Sie uns bitte Ihre vollst\u00e4ndigen Bewerbungsunterlagen inklusive Gehaltsvorstellung, fr\u00fchestm\u00f6glichem Eintrittstermin und Arbeitsproben (max. 4 MB) an personalmanagement@virtuellesstudio.de<\/p>","protected":false},"excerpt":{"rendered":"<p>Wir sind immer an motivierten Mitarbeitern interessiert. Kontinuierlich sind wir auf der Suche nach neuen talentierten Mitarbeitern, welche unsere Teams in Ingolstadt, M\u00fcnchen und Wolfsburg unterst\u00fctzen. Unsere T\u00fcren stehen Ihnen offen. Gerne k\u00f6nnen Sie sich initiativ bewerben. Senden Sie uns &hellip; <a href=\"http:\/\/www.virtuellesstudio.de\/?page_id=14\">Continue reading <span class=\"meta-nav\">&rarr;<\/span><\/a><\/p>\n","protected":false},"author":5,"featured_media":0,"parent":0,"menu_order":6,"comment_status":"closed","ping_status":"closed","template":"tpl_karriere.php","meta":{"ngg_post_thumbnail":0,"footnotes":""},"class_list":["post-14","page","type-page","status-publish","hentry"],"_links":{"self":[{"href":"http:\/\/www.virtuellesstudio.de\/index.php?rest_route=\/wp\/v2\/pages\/14","targetHints":{"allow":["GET"]}}],"collection":[{"href":"http:\/\/www.virtuellesstudio.de\/index.php?rest_route=\/wp\/v2\/pages"}],"about":[{"href":"http:\/\/www.virtuellesstudio.de\/index.php?rest_route=\/wp\/v2\/types\/page"}],"author":[{"embeddable":true,"href":"http:\/\/www.virtuellesstudio.de\/index.php?rest_route=\/wp\/v2\/users\/5"}],"replies":[{"embeddable":true,"href":"http:\/\/www.virtuellesstudio.de\/index.php?rest_route=%2Fwp%2Fv2%2Fcomments&post=14"}],"version-history":[{"count":24,"href":"http:\/\/www.virtuellesstudio.de\/index.php?rest_route=\/wp\/v2\/pages\/14\/revisions"}],"predecessor-version":[{"id":3334,"href":"http:\/\/www.virtuellesstudio.de\/index.php?rest_route=\/wp\/v2\/pages\/14\/revisions\/3334"}],"wp:attachment":[{"href":"http:\/\/www.virtuellesstudio.de\/index.php?rest_route=%2Fwp%2Fv2%2Fmedia&parent=14"}],"curies":[{"name":"wp","href":"https:\/\/api.w.org\/{rel}","templated":true}]}}