{"id":2,"date":"2012-11-20T14:10:47","date_gmt":"2012-11-20T12:10:47","guid":{"rendered":"http:\/\/www.virtuellesstudio.de\/?page_id=2"},"modified":"2018-07-29T18:34:42","modified_gmt":"2018-07-29T16:34:42","slug":"design","status":"publish","type":"page","link":"http:\/\/www.virtuellesstudio.de\/?page_id=2","title":{"rendered":"Design"},"content":{"rendered":"<p>Design zieht sich wie ein roter Faden durch die verschiedenen Standorte des Unternehmens Virtuelles Studio GmbH. Unsere Designer sind auf Fahrzeug- und Produktdesign spezialisiert. Wir betreuen unsere Kunden vom ersten Entwurf bis zur Serienreife und bieten individuelle Leistungen.<\/p>\n<p>Design bedeutet f\u00fcr uns, die Tendenzen der Zeit aufzugreifen und diese in kundengerechten, zukunftsf\u00e4higen Entw\u00fcrfen zu pr\u00e4sentieren.<\/p>\n<p>Unser Leistungsspektrum Design umfasst unter anderem Design-Management, Ideenfindung, Benchmark, Design-Entwicklung, Concept Design, Advanced Design, Moodboard, Design Feasibility, Design-Entw\u00fcrfe in 2D-\/3D-Qualit\u00e4t, Design-Betreuung, Grafikerstellung, Colour and Trim, Fahrzeug Design-Folierung, Datenaustausch und Projektmanagement.<\/p>\n<p>Software f\u00fcr den Bereich Design: Maya, Rhino, Alias Design, Cinema 4D, Adobe Produktpalette<\/p>","protected":false},"excerpt":{"rendered":"<p>Design zieht sich wie ein roter Faden durch die verschiedenen Standorte des Unternehmens Virtuelles Studio GmbH. Unsere Designer sind auf Fahrzeug- und Produktdesign spezialisiert. Wir betreuen unsere Kunden vom ersten Entwurf bis zur Serienreife und bieten individuelle Leistungen. Design bedeutet &hellip; <a href=\"http:\/\/www.virtuellesstudio.de\/?page_id=2\">Continue reading <span class=\"meta-nav\">&rarr;<\/span><\/a><\/p>\n","protected":false},"author":5,"featured_media":0,"parent":0,"menu_order":1,"comment_status":"closed","ping_status":"closed","template":"tpl_leistungen.php","meta":{"ngg_post_thumbnail":0,"footnotes":""},"class_list":["post-2","page","type-page","status-publish","hentry"],"_links":{"self":[{"href":"http:\/\/www.virtuellesstudio.de\/index.php?rest_route=\/wp\/v2\/pages\/2","targetHints":{"allow":["GET"]}}],"collection":[{"href":"http:\/\/www.virtuellesstudio.de\/index.php?rest_route=\/wp\/v2\/pages"}],"about":[{"href":"http:\/\/www.virtuellesstudio.de\/index.php?rest_route=\/wp\/v2\/types\/page"}],"author":[{"embeddable":true,"href":"http:\/\/www.virtuellesstudio.de\/index.php?rest_route=\/wp\/v2\/users\/5"}],"replies":[{"embeddable":true,"href":"http:\/\/www.virtuellesstudio.de\/index.php?rest_route=%2Fwp%2Fv2%2Fcomments&post=2"}],"version-history":[{"count":32,"href":"http:\/\/www.virtuellesstudio.de\/index.php?rest_route=\/wp\/v2\/pages\/2\/revisions"}],"predecessor-version":[{"id":2543,"href":"http:\/\/www.virtuellesstudio.de\/index.php?rest_route=\/wp\/v2\/pages\/2\/revisions\/2543"}],"wp:attachment":[{"href":"http:\/\/www.virtuellesstudio.de\/index.php?rest_route=%2Fwp%2Fv2%2Fmedia&parent=2"}],"curies":[{"name":"wp","href":"https:\/\/api.w.org\/{rel}","templated":true}]}}