{"id":5,"date":"2012-11-22T12:19:20","date_gmt":"2012-11-22T10:19:20","guid":{"rendered":"http:\/\/www.virtuellesstudio.de\/?page_id=5"},"modified":"2017-05-10T09:52:04","modified_gmt":"2017-05-10T07:52:04","slug":"cas-strak","status":"publish","type":"page","link":"http:\/\/www.virtuellesstudio.de\/?page_id=5","title":{"rendered":"Cas\/Strak"},"content":{"rendered":"<p>Im Bereich CAS setzen wir mit unseren Experten die vom Kunden gew\u00fcnschte Form in digitale Modelle um. In der fr\u00fchen Phase haben sich Maya und Cinema4D als die Werkzeuge erster Wahl etabliert. Wir k\u00f6nnen somit Entw\u00fcrfe nach Designvorgaben in k\u00fcrzester Zeit in ein fr\u00e4sbares Modell umsetzen.<br \/>\nH\u00f6chste Qualit\u00e4t \u2013 \u201eClass A\u201c-Fl\u00e4chen \u2013 sind f\u00fcr uns von Beginn an oberstes Gebot. Dies erreichen wir durch den Einsatz der Software Alias und ICEM Surf in Kombination mit unserer Erfahrung und dem richtigen Gesp\u00fcr f\u00fcr die W\u00fcnsche unserer Kunden.<\/p>\n<p>Im Bereich Strak sind die gleichen Voraussetzungen gegeben. In seiner Definition ist es die Umsetzung der Designfl\u00e4chen in produktionsf\u00e4hige Geometrie, was die Spitze des digitalen Modellbaus darstellt. Hier arbeiten wir eng mit den Konstruktions- und Design-Abteilungen unseres jeweiligen Auftraggebers zusammen, um das bestm\u00f6gliche Ergebnis zu erzielen.<\/p>\n<p>Unser Leistungsspektrum CAS\/Strak umfasst unter anderem Surface Modelling, Polygon Modelling, Formfindung, Low-Poly Modelling, Umsetzung von 2-dimensionalen Design-Skizzen in 3-dimensionale Formen, virtueller Modellteileaufbau, Entwicklung der Oberfl\u00e4chendaten Interieur \/ Exterieur auf Basis von Design- und Technikvorgaben, \u00dcberarbeitung bestehender Daten, Design-Technik-Konvergenz, Entwurfsumsetzung, Erstellung digitaler Konzeptoberfl\u00e4chen, Design Feasibility, Strak-Entwicklung, Datenaustausch, Projektmanagement.<\/p>\n<p>Software f\u00fcr CAS\/Strak: Maya, Rhino, Alias Surface, ICEM Surf, Catia V5, Cinema4D<\/p>","protected":false},"excerpt":{"rendered":"<p>Im Bereich CAS setzen wir mit unseren Experten die vom Kunden gew\u00fcnschte Form in digitale Modelle um. In der fr\u00fchen Phase haben sich Maya und Cinema4D als die Werkzeuge erster Wahl etabliert. Wir k\u00f6nnen somit Entw\u00fcrfe nach Designvorgaben in k\u00fcrzester &hellip; <a href=\"http:\/\/www.virtuellesstudio.de\/?page_id=5\">Continue reading <span class=\"meta-nav\">&rarr;<\/span><\/a><\/p>\n","protected":false},"author":5,"featured_media":0,"parent":0,"menu_order":2,"comment_status":"closed","ping_status":"closed","template":"tpl_leistungen.php","meta":{"ngg_post_thumbnail":0,"footnotes":""},"class_list":["post-5","page","type-page","status-publish","hentry"],"_links":{"self":[{"href":"http:\/\/www.virtuellesstudio.de\/index.php?rest_route=\/wp\/v2\/pages\/5","targetHints":{"allow":["GET"]}}],"collection":[{"href":"http:\/\/www.virtuellesstudio.de\/index.php?rest_route=\/wp\/v2\/pages"}],"about":[{"href":"http:\/\/www.virtuellesstudio.de\/index.php?rest_route=\/wp\/v2\/types\/page"}],"author":[{"embeddable":true,"href":"http:\/\/www.virtuellesstudio.de\/index.php?rest_route=\/wp\/v2\/users\/5"}],"replies":[{"embeddable":true,"href":"http:\/\/www.virtuellesstudio.de\/index.php?rest_route=%2Fwp%2Fv2%2Fcomments&post=5"}],"version-history":[{"count":31,"href":"http:\/\/www.virtuellesstudio.de\/index.php?rest_route=\/wp\/v2\/pages\/5\/revisions"}],"predecessor-version":[{"id":2542,"href":"http:\/\/www.virtuellesstudio.de\/index.php?rest_route=\/wp\/v2\/pages\/5\/revisions\/2542"}],"wp:attachment":[{"href":"http:\/\/www.virtuellesstudio.de\/index.php?rest_route=%2Fwp%2Fv2%2Fmedia&parent=5"}],"curies":[{"name":"wp","href":"https:\/\/api.w.org\/{rel}","templated":true}]}}