{"id":7,"date":"2012-11-22T12:19:51","date_gmt":"2012-11-22T10:19:51","guid":{"rendered":"http:\/\/www.virtuellesstudio.de\/?page_id=7"},"modified":"2017-05-10T10:06:43","modified_gmt":"2017-05-10T08:06:43","slug":"visualisierung","status":"publish","type":"page","link":"http:\/\/www.virtuellesstudio.de\/?page_id=7","title":{"rendered":"Visualisierung"},"content":{"rendered":"<p>In der Visualisierung werden von unseren Designern und Grafikern fotorealistische Darstellungen der Fl\u00e4chen und Formen erzeugt. Dabei unterst\u00fctzen wir unsere Kunden bereits in fr\u00fchen Design-Phasen durch die Erstellung interaktiver Echtzeit-Simulationen unter Einsatz der Software Autodesk Showcase, DELTAGEN und VRED.<\/p>\n<p>F\u00fcr perfekte Inszenierungen und Darstellungen auf h\u00f6chsten Qualit\u00e4tsniveaus erzeugen wir fotorealistische Renderings f\u00fcr Online-Konfiguratoren, Werbeanzeigen, Computeranimationen, Hochglanzkataloge und vieles mehr. Wir verlieren dabei selbst in den komplexesten Szenarien nie den grafischen Anspruch aus den Augen.<\/p>\n<p>VR \u00e0 la Virtuelles Studio GmbH: Wir er\u00f6ffnen unseren Kunden zudem die M\u00f6glichkeit, Projekte mithilfe einer VR-Brille (Oculus Rift und HTC Vive) sprichw\u00f6rtlich &#8222;greifbar&#8220; zu machen.<\/p>\n<p>Software f\u00fcr die Visualisierung: Adobe Produktpalette, DELTAGEN, Maya, Showcase, Cinema 4D, VRED<\/p>","protected":false},"excerpt":{"rendered":"<p>In der Visualisierung werden von unseren Designern und Grafikern fotorealistische Darstellungen der Fl\u00e4chen und Formen erzeugt. Dabei unterst\u00fctzen wir unsere Kunden bereits in fr\u00fchen Design-Phasen durch die Erstellung interaktiver Echtzeit-Simulationen unter Einsatz der Software Autodesk Showcase, DELTAGEN und VRED. F\u00fcr &hellip; <a href=\"http:\/\/www.virtuellesstudio.de\/?page_id=7\">Continue reading <span class=\"meta-nav\">&rarr;<\/span><\/a><\/p>\n","protected":false},"author":5,"featured_media":0,"parent":0,"menu_order":3,"comment_status":"closed","ping_status":"closed","template":"tpl_leistungen.php","meta":{"ngg_post_thumbnail":0,"footnotes":""},"class_list":["post-7","page","type-page","status-publish","hentry"],"_links":{"self":[{"href":"http:\/\/www.virtuellesstudio.de\/index.php?rest_route=\/wp\/v2\/pages\/7","targetHints":{"allow":["GET"]}}],"collection":[{"href":"http:\/\/www.virtuellesstudio.de\/index.php?rest_route=\/wp\/v2\/pages"}],"about":[{"href":"http:\/\/www.virtuellesstudio.de\/index.php?rest_route=\/wp\/v2\/types\/page"}],"author":[{"embeddable":true,"href":"http:\/\/www.virtuellesstudio.de\/index.php?rest_route=\/wp\/v2\/users\/5"}],"replies":[{"embeddable":true,"href":"http:\/\/www.virtuellesstudio.de\/index.php?rest_route=%2Fwp%2Fv2%2Fcomments&post=7"}],"version-history":[{"count":49,"href":"http:\/\/www.virtuellesstudio.de\/index.php?rest_route=\/wp\/v2\/pages\/7\/revisions"}],"predecessor-version":[{"id":2547,"href":"http:\/\/www.virtuellesstudio.de\/index.php?rest_route=\/wp\/v2\/pages\/7\/revisions\/2547"}],"wp:attachment":[{"href":"http:\/\/www.virtuellesstudio.de\/index.php?rest_route=%2Fwp%2Fv2%2Fmedia&parent=7"}],"curies":[{"name":"wp","href":"https:\/\/api.w.org\/{rel}","templated":true}]}}