{"id":9,"date":"2012-11-22T12:20:14","date_gmt":"2012-11-22T10:20:14","guid":{"rendered":"http:\/\/www.virtuellesstudio.de\/?page_id=9"},"modified":"2020-11-10T12:53:44","modified_gmt":"2020-11-10T11:53:44","slug":"unternehmen","status":"publish","type":"page","link":"http:\/\/www.virtuellesstudio.de\/?page_id=9","title":{"rendered":"Unternehmen"},"content":{"rendered":"<p>Die Virtuelles Studio GmbH ist seit 1995 ein kundenorientiertes Dienstleistungsunternehmen in den Bereichen Design, CAS \/ Strak und Visualisierung \/ VR. Unsere Kunden aus der Automobil- und Konsumg\u00fcterindustrie werden durch unsere Standorte in Ingolstadt, M\u00fcnchen und Wolfsburg umfassend betreut.<\/p>\n<p>Ob Unterst\u00fctzung bei der Produktentwicklung oder der Realisierung eines ganzheitlichen Projektes \u2013 wir bieten unseren Kunden in integrierten Projektteams optimale L\u00f6sungen aus einer Hand und setzen diese kosteng\u00fcnstig, qualitativ hochwertig und termingerecht um. Basis der Zusammenarbeit und Garantie f\u00fcr den erfolgreichen Projektabschluss sind unser Know-how, hochwertigste Software und langj\u00e4hrige Erfahrung.<\/p>\n<h2>\u21d2 <a href=\"http:\/\/www.virtuellesstudio.de\/unternehmen\/info-virtuelles-studio\/\">Weitere Informationen<\/a><\/h2>\n<p><\/p>","protected":false},"excerpt":{"rendered":"<p>Die Virtuelles Studio GmbH ist seit 1995 ein kundenorientiertes Dienstleistungsunternehmen in den Bereichen Design, CAS \/ Strak und Visualisierung \/ VR. Unsere Kunden aus der Automobil- und Konsumg\u00fcterindustrie werden durch unsere Standorte in Ingolstadt, M\u00fcnchen und Wolfsburg umfassend betreut. Ob &hellip; <a href=\"http:\/\/www.virtuellesstudio.de\/?page_id=9\">Continue reading <span class=\"meta-nav\">&rarr;<\/span><\/a><\/p>\n","protected":false},"author":5,"featured_media":0,"parent":0,"menu_order":4,"comment_status":"closed","ping_status":"closed","template":"tpl_unternehmen.php","meta":{"ngg_post_thumbnail":0,"footnotes":""},"class_list":["post-9","page","type-page","status-publish","hentry"],"_links":{"self":[{"href":"http:\/\/www.virtuellesstudio.de\/index.php?rest_route=\/wp\/v2\/pages\/9","targetHints":{"allow":["GET"]}}],"collection":[{"href":"http:\/\/www.virtuellesstudio.de\/index.php?rest_route=\/wp\/v2\/pages"}],"about":[{"href":"http:\/\/www.virtuellesstudio.de\/index.php?rest_route=\/wp\/v2\/types\/page"}],"author":[{"embeddable":true,"href":"http:\/\/www.virtuellesstudio.de\/index.php?rest_route=\/wp\/v2\/users\/5"}],"replies":[{"embeddable":true,"href":"http:\/\/www.virtuellesstudio.de\/index.php?rest_route=%2Fwp%2Fv2%2Fcomments&post=9"}],"version-history":[{"count":55,"href":"http:\/\/www.virtuellesstudio.de\/index.php?rest_route=\/wp\/v2\/pages\/9\/revisions"}],"predecessor-version":[{"id":3323,"href":"http:\/\/www.virtuellesstudio.de\/index.php?rest_route=\/wp\/v2\/pages\/9\/revisions\/3323"}],"wp:attachment":[{"href":"http:\/\/www.virtuellesstudio.de\/index.php?rest_route=%2Fwp%2Fv2%2Fmedia&parent=9"}],"curies":[{"name":"wp","href":"https:\/\/api.w.org\/{rel}","templated":true}]}}